{"id":12397,"date":"2023-10-31T14:40:20","date_gmt":"2023-10-31T14:40:20","guid":{"rendered":"https:\/\/pobedacompani.rs\/en\/?post_type=product&#038;p=12397"},"modified":"2023-11-28T10:15:09","modified_gmt":"2023-11-28T10:15:09","slug":"colander-with-handle-etmo-small","status":"publish","type":"product","link":"https:\/\/pobedacompani.rs\/en\/product\/colander-with-handle-etmo-small\/","title":{"rendered":"Colander with handle Etmo small"},"content":{"rendered":"","protected":false},"excerpt":{"rendered":"<div class=\"product-box\"><img loading=\"lazy\" decoding=\"async\" class=\"single-product-info-icon\" style=\"float: left; margin: 0px 15px 15px 0px;\" src=\"https:\/\/pobedacompani.rs\/en\/wp-content\/uploads\/2020\/09\/kod-pobeda-compani.png\" width=\"71\" height=\"62\"><strong class=\"title-product\">CODE<\/strong><br \/>\n8606005430068<\/div>\n<div class=\"product-box\"><img loading=\"lazy\" decoding=\"async\" class=\"single-product-info-icon\" style=\"float: left; margin: 0px 15px 15px 0px;\" src=\"https:\/\/pobedacompani.rs\/en\/wp-content\/uploads\/2020\/09\/dimenzije-proizvoda-pobeda-compani.png\" width=\"70\" height=\"62\"><strong class=\"title-product\">ARTICLE DIMENSIONS<\/strong><br \/>\n27,5x16xH6,5cm<\/div>\n<div class=\"product-box\"><img loading=\"lazy\" decoding=\"async\" class=\"single-product-info-icon\" style=\"float: left; margin: 0px 15px 15px 0px;\" src=\"https:\/\/pobedacompani.rs\/en\/wp-content\/uploads\/2020\/09\/pakovanje-pobeda-compani.jpg\" width=\"71\" height=\"63\"><strong class=\"title-product\">PACKAGING<\/strong><br \/>\n<span class=\"text-product\">12<\/span><\/div>\n<div class=\"product-box\"><img loading=\"lazy\" decoding=\"async\" class=\"single-product-info-icon\" style=\"float: left; margin: 0px 15px 15px 0px;\" src=\"https:\/\/pobedacompani.rs\/en\/wp-content\/uploads\/2020\/09\/palete-pobeda-compani.jpg\" width=\"72\" height=\"63\"><strong class=\"title-product\">EURO PALLET 120&#215;80 (pcs)<\/strong><br \/>\n2880<\/div>\n<div class=\"product-box\"><img loading=\"lazy\" decoding=\"async\" class=\"single-product-info-icon\" style=\"float: left; margin: 0px 15px 15px 0px;\" src=\"https:\/\/pobedacompani.rs\/en\/wp-content\/uploads\/2020\/09\/ikonica-visina-pobeda-compani.jpg\" width=\"73\" height=\"65\"><strong class=\"title-product\">HEIGHT (m)<\/strong><br \/>\n<span class=\"text-product\">2.50<\/span><\/div>\n","protected":false},"featured_media":12402,"comment_status":"closed","ping_status":"closed","template":"","meta":{"ngg_post_thumbnail":0},"product_brand":[],"product_cat":[70],"product_tag":[],"class_list":{"0":"post-12397","1":"product","2":"type-product","3":"status-publish","4":"has-post-thumbnail","6":"product_cat-kitchen-program","8":"first","9":"instock","10":"shipping-taxable","11":"product-type-variable"},"yoast_head":"<!-- This site is optimized with the Yoast SEO plugin v26.6 - https:\/\/yoast.com\/wordpress\/plugins\/seo\/ -->\n<title>Colander with handle Etmo small || Pobeda compani<\/title>\n<meta name=\"description\" content=\"Colander with handle Etmo small - Explore our range of high-quality plastic products crafted to meet the highest European standards, ensuring reliability and sustainability.\" \/>\n<meta name=\"robots\" content=\"index, follow, max-snippet:-1, max-image-preview:large, max-video-preview:-1\" \/>\n<link rel=\"canonical\" href=\"https:\/\/pobedacompani.rs\/en\/product\/colander-with-handle-etmo-small\/\" \/>\n<meta property=\"og:locale\" content=\"en_US\" \/>\n<meta property=\"og:type\" content=\"article\" \/>\n<meta property=\"og:title\" content=\"Colander with handle Etmo small || Pobeda compani\" \/>\n<meta property=\"og:description\" content=\"Colander with handle Etmo small - Explore our range of high-quality plastic products crafted to meet the highest European standards, ensuring reliability and sustainability.\" \/>\n<meta property=\"og:url\" content=\"https:\/\/pobedacompani.rs\/en\/product\/colander-with-handle-etmo-small\/\" \/>\n<meta property=\"og:site_name\" content=\"Pobeda Compani\" \/>\n<meta property=\"article:publisher\" content=\"https:\/\/www.facebook.com\/PobedaCompani\" \/>\n<meta property=\"article:modified_time\" content=\"2023-11-28T10:15:09+00:00\" \/>\n<meta property=\"og:image\" content=\"https:\/\/pobedacompani.rs\/en\/wp-content\/uploads\/2023\/10\/djevdjir-mali-a.png\" \/>\n\t<meta property=\"og:image:width\" content=\"1000\" \/>\n\t<meta property=\"og:image:height\" content=\"1000\" \/>\n\t<meta property=\"og:image:type\" content=\"image\/png\" \/>\n<meta name=\"twitter:card\" content=\"summary_large_image\" \/>\n<script type=\"application\/ld+json\" class=\"yoast-schema-graph\">{\"@context\":\"https:\/\/schema.org\",\"@graph\":[{\"@type\":\"WebPage\",\"@id\":\"https:\/\/pobedacompani.rs\/en\/product\/colander-with-handle-etmo-small\/\",\"url\":\"https:\/\/pobedacompani.rs\/en\/product\/colander-with-handle-etmo-small\/\",\"name\":\"Colander with handle Etmo small || Pobeda compani\",\"isPartOf\":{\"@id\":\"https:\/\/pobedacompani.rs\/en\/#website\"},\"primaryImageOfPage\":{\"@id\":\"https:\/\/pobedacompani.rs\/en\/product\/colander-with-handle-etmo-small\/#primaryimage\"},\"image\":{\"@id\":\"https:\/\/pobedacompani.rs\/en\/product\/colander-with-handle-etmo-small\/#primaryimage\"},\"thumbnailUrl\":\"https:\/\/pobedacompani.rs\/en\/wp-content\/uploads\/2023\/10\/djevdjir-mali-a.png\",\"datePublished\":\"2023-10-31T14:40:20+00:00\",\"dateModified\":\"2023-11-28T10:15:09+00:00\",\"description\":\"Colander with handle Etmo small - Explore our range of high-quality plastic products crafted to meet the highest European standards, ensuring reliability and sustainability.\",\"breadcrumb\":{\"@id\":\"https:\/\/pobedacompani.rs\/en\/product\/colander-with-handle-etmo-small\/#breadcrumb\"},\"inLanguage\":\"en-US\",\"potentialAction\":[{\"@type\":\"ReadAction\",\"target\":[\"https:\/\/pobedacompani.rs\/en\/product\/colander-with-handle-etmo-small\/\"]}]},{\"@type\":\"ImageObject\",\"inLanguage\":\"en-US\",\"@id\":\"https:\/\/pobedacompani.rs\/en\/product\/colander-with-handle-etmo-small\/#primaryimage\",\"url\":\"https:\/\/pobedacompani.rs\/en\/wp-content\/uploads\/2023\/10\/djevdjir-mali-a.png\",\"contentUrl\":\"https:\/\/pobedacompani.rs\/en\/wp-content\/uploads\/2023\/10\/djevdjir-mali-a.png\",\"width\":1000,\"height\":1000,\"caption\":\"\u0110ev\u0111ir sa dr\u0161kom \\\"Etmo\\\" mali\"},{\"@type\":\"BreadcrumbList\",\"@id\":\"https:\/\/pobedacompani.rs\/en\/product\/colander-with-handle-etmo-small\/#breadcrumb\",\"itemListElement\":[{\"@type\":\"ListItem\",\"position\":1,\"name\":\"\u041f\u043e\u0447\u0435\u0442\u043d\u0430\",\"item\":\"https:\/\/pobedacompani.rs\/en\/\"},{\"@type\":\"ListItem\",\"position\":2,\"name\":\"All products\",\"item\":\"https:\/\/pobedacompani.rs\/en\/shop\/\"},{\"@type\":\"ListItem\",\"position\":3,\"name\":\"Colander with handle Etmo small\"}]},{\"@type\":\"WebSite\",\"@id\":\"https:\/\/pobedacompani.rs\/en\/#website\",\"url\":\"https:\/\/pobedacompani.rs\/en\/\",\"name\":\"Pobeda Compani\",\"description\":\"Production and wholesale of plastic products\",\"publisher\":{\"@id\":\"https:\/\/pobedacompani.rs\/en\/#organization\"},\"potentialAction\":[{\"@type\":\"SearchAction\",\"target\":{\"@type\":\"EntryPoint\",\"urlTemplate\":\"https:\/\/pobedacompani.rs\/en\/?s={search_term_string}\"},\"query-input\":{\"@type\":\"PropertyValueSpecification\",\"valueRequired\":true,\"valueName\":\"search_term_string\"}}],\"inLanguage\":\"en-US\"},{\"@type\":\"Organization\",\"@id\":\"https:\/\/pobedacompani.rs\/en\/#organization\",\"name\":\"Pobeda Compani\",\"url\":\"https:\/\/pobedacompani.rs\/en\/\",\"logo\":{\"@type\":\"ImageObject\",\"inLanguage\":\"en-US\",\"@id\":\"https:\/\/pobedacompani.rs\/en\/#\/schema\/logo\/image\/\",\"url\":\"https:\/\/pobedacompani.rs\/en\/wp-content\/uploads\/2023\/07\/logo-pobeda-compani.png\",\"contentUrl\":\"https:\/\/pobedacompani.rs\/en\/wp-content\/uploads\/2023\/07\/logo-pobeda-compani.png\",\"width\":269,\"height\":141,\"caption\":\"Pobeda Compani\"},\"image\":{\"@id\":\"https:\/\/pobedacompani.rs\/en\/#\/schema\/logo\/image\/\"},\"sameAs\":[\"https:\/\/www.facebook.com\/PobedaCompani\",\"https:\/\/www.instagram.com\/pobedacompani\/\"]}]}<\/script>\n<!-- \/ Yoast SEO plugin. -->","yoast_head_json":{"title":"Colander with handle Etmo small || Pobeda compani","description":"Colander with handle Etmo small - Explore our range of high-quality plastic products crafted to meet the highest European standards, ensuring reliability and sustainability.","robots":{"index":"index","follow":"follow","max-snippet":"max-snippet:-1","max-image-preview":"max-image-preview:large","max-video-preview":"max-video-preview:-1"},"canonical":"https:\/\/pobedacompani.rs\/en\/product\/colander-with-handle-etmo-small\/","og_locale":"en_US","og_type":"article","og_title":"Colander with handle Etmo small || Pobeda compani","og_description":"Colander with handle Etmo small - Explore our range of high-quality plastic products crafted to meet the highest European standards, ensuring reliability and sustainability.","og_url":"https:\/\/pobedacompani.rs\/en\/product\/colander-with-handle-etmo-small\/","og_site_name":"Pobeda Compani","article_publisher":"https:\/\/www.facebook.com\/PobedaCompani","article_modified_time":"2023-11-28T10:15:09+00:00","og_image":[{"width":1000,"height":1000,"url":"https:\/\/pobedacompani.rs\/en\/wp-content\/uploads\/2023\/10\/djevdjir-mali-a.png","type":"image\/png"}],"twitter_card":"summary_large_image","schema":{"@context":"https:\/\/schema.org","@graph":[{"@type":"WebPage","@id":"https:\/\/pobedacompani.rs\/en\/product\/colander-with-handle-etmo-small\/","url":"https:\/\/pobedacompani.rs\/en\/product\/colander-with-handle-etmo-small\/","name":"Colander with handle Etmo small || Pobeda compani","isPartOf":{"@id":"https:\/\/pobedacompani.rs\/en\/#website"},"primaryImageOfPage":{"@id":"https:\/\/pobedacompani.rs\/en\/product\/colander-with-handle-etmo-small\/#primaryimage"},"image":{"@id":"https:\/\/pobedacompani.rs\/en\/product\/colander-with-handle-etmo-small\/#primaryimage"},"thumbnailUrl":"https:\/\/pobedacompani.rs\/en\/wp-content\/uploads\/2023\/10\/djevdjir-mali-a.png","datePublished":"2023-10-31T14:40:20+00:00","dateModified":"2023-11-28T10:15:09+00:00","description":"Colander with handle Etmo small - Explore our range of high-quality plastic products crafted to meet the highest European standards, ensuring reliability and sustainability.","breadcrumb":{"@id":"https:\/\/pobedacompani.rs\/en\/product\/colander-with-handle-etmo-small\/#breadcrumb"},"inLanguage":"en-US","potentialAction":[{"@type":"ReadAction","target":["https:\/\/pobedacompani.rs\/en\/product\/colander-with-handle-etmo-small\/"]}]},{"@type":"ImageObject","inLanguage":"en-US","@id":"https:\/\/pobedacompani.rs\/en\/product\/colander-with-handle-etmo-small\/#primaryimage","url":"https:\/\/pobedacompani.rs\/en\/wp-content\/uploads\/2023\/10\/djevdjir-mali-a.png","contentUrl":"https:\/\/pobedacompani.rs\/en\/wp-content\/uploads\/2023\/10\/djevdjir-mali-a.png","width":1000,"height":1000,"caption":"\u0110ev\u0111ir sa dr\u0161kom \"Etmo\" mali"},{"@type":"BreadcrumbList","@id":"https:\/\/pobedacompani.rs\/en\/product\/colander-with-handle-etmo-small\/#breadcrumb","itemListElement":[{"@type":"ListItem","position":1,"name":"\u041f\u043e\u0447\u0435\u0442\u043d\u0430","item":"https:\/\/pobedacompani.rs\/en\/"},{"@type":"ListItem","position":2,"name":"All products","item":"https:\/\/pobedacompani.rs\/en\/shop\/"},{"@type":"ListItem","position":3,"name":"Colander with handle Etmo small"}]},{"@type":"WebSite","@id":"https:\/\/pobedacompani.rs\/en\/#website","url":"https:\/\/pobedacompani.rs\/en\/","name":"Pobeda Compani","description":"Production and wholesale of plastic products","publisher":{"@id":"https:\/\/pobedacompani.rs\/en\/#organization"},"potentialAction":[{"@type":"SearchAction","target":{"@type":"EntryPoint","urlTemplate":"https:\/\/pobedacompani.rs\/en\/?s={search_term_string}"},"query-input":{"@type":"PropertyValueSpecification","valueRequired":true,"valueName":"search_term_string"}}],"inLanguage":"en-US"},{"@type":"Organization","@id":"https:\/\/pobedacompani.rs\/en\/#organization","name":"Pobeda Compani","url":"https:\/\/pobedacompani.rs\/en\/","logo":{"@type":"ImageObject","inLanguage":"en-US","@id":"https:\/\/pobedacompani.rs\/en\/#\/schema\/logo\/image\/","url":"https:\/\/pobedacompani.rs\/en\/wp-content\/uploads\/2023\/07\/logo-pobeda-compani.png","contentUrl":"https:\/\/pobedacompani.rs\/en\/wp-content\/uploads\/2023\/07\/logo-pobeda-compani.png","width":269,"height":141,"caption":"Pobeda Compani"},"image":{"@id":"https:\/\/pobedacompani.rs\/en\/#\/schema\/logo\/image\/"},"sameAs":["https:\/\/www.facebook.com\/PobedaCompani","https:\/\/www.instagram.com\/pobedacompani\/"]}]}},"_links":{"self":[{"href":"https:\/\/pobedacompani.rs\/en\/wp-json\/wp\/v2\/product\/12397","targetHints":{"allow":["GET"]}}],"collection":[{"href":"https:\/\/pobedacompani.rs\/en\/wp-json\/wp\/v2\/product"}],"about":[{"href":"https:\/\/pobedacompani.rs\/en\/wp-json\/wp\/v2\/types\/product"}],"replies":[{"embeddable":true,"href":"https:\/\/pobedacompani.rs\/en\/wp-json\/wp\/v2\/comments?post=12397"}],"wp:featuredmedia":[{"embeddable":true,"href":"https:\/\/pobedacompani.rs\/en\/wp-json\/wp\/v2\/media\/12402"}],"wp:attachment":[{"href":"https:\/\/pobedacompani.rs\/en\/wp-json\/wp\/v2\/media?parent=12397"}],"wp:term":[{"taxonomy":"product_brand","embeddable":true,"href":"https:\/\/pobedacompani.rs\/en\/wp-json\/wp\/v2\/product_brand?post=12397"},{"taxonomy":"product_cat","embeddable":true,"href":"https:\/\/pobedacompani.rs\/en\/wp-json\/wp\/v2\/product_cat?post=12397"},{"taxonomy":"product_tag","embeddable":true,"href":"https:\/\/pobedacompani.rs\/en\/wp-json\/wp\/v2\/product_tag?post=12397"}],"curies":[{"name":"wp","href":"https:\/\/api.w.org\/{rel}","templated":true}]}}