{"id":5539,"date":"2022-09-26T12:43:07","date_gmt":"2022-09-26T12:43:07","guid":{"rendered":"https:\/\/pobedacompani.rs\/en\/?post_type=product&#038;p=5539"},"modified":"2025-03-27T11:43:19","modified_gmt":"2025-03-27T11:43:19","slug":"flowerpot-venecija-o450-with-shim","status":"publish","type":"product","link":"https:\/\/pobedacompani.rs\/en\/product\/flowerpot-venecija-o450-with-shim\/","title":{"rendered":"Flowerpot VENECIJA \u00d8450 with Shim"},"content":{"rendered":"","protected":false},"excerpt":{"rendered":"<div class=\"product-box\"><img loading=\"lazy\" decoding=\"async\" class=\"single-product-info-icon\" style=\"float: left; margin: 0px 15px 15px 0px;\" src=\"https:\/\/pobedacompani.rs\/en\/wp-content\/uploads\/2020\/09\/kod-pobeda-compani.png\" width=\"71\" height=\"62\"><strong class=\"title-product\">CODE<\/strong><br \/>\n<span class=\"text-product\">8606005434073<\/span><\/div>\n<div class=\"product-box\"><img loading=\"lazy\" decoding=\"async\" class=\"single-product-info-icon\" style=\"float: left; margin: 0px 15px 15px 0px;\" src=\"https:\/\/pobedacompani.rs\/en\/wp-content\/uploads\/2020\/09\/dimenzije-proizvoda-pobeda-compani.png\" width=\"70\" height=\"62\"><strong class=\"title-product\">ARTICLE DIMENSIONS<\/strong><br \/>\n<span class=\"text-product\">\u00f8 50xH38 cm<\/span><\/div>\n<div class=\"product-box\"><img loading=\"lazy\" decoding=\"async\" class=\"single-product-info-icon\" style=\"float: left; margin: 0px 15px 15px 0px;\" src=\"https:\/\/pobedacompani.rs\/en\/wp-content\/uploads\/2020\/09\/pakovanje-pobeda-compani.jpg\" width=\"71\" height=\"63\"><strong class=\"title-product\">PACKAGING<\/strong><br \/>\n<span class=\"text-product\">12<\/span><\/div>\n<div class=\"product-box\"><img loading=\"lazy\" decoding=\"async\" class=\"single-product-info-icon\" style=\"float: left; margin: 0px 15px 15px 0px;\" src=\"https:\/\/pobedacompani.rs\/en\/wp-content\/uploads\/2020\/09\/palete-pobeda-compani.jpg\" width=\"72\" height=\"63\"><strong class=\"title-product\">EURO PALLET 120&#215;80 (pcs)<\/strong><br \/>\n<span class=\"text-product\">144<\/span><\/div>\n<div class=\"product-box\"><img loading=\"lazy\" decoding=\"async\" class=\"single-product-info-icon\" style=\"float: left; margin: 0px 15px 15px 0px;\" src=\"https:\/\/pobedacompani.rs\/en\/wp-content\/uploads\/2020\/09\/ikonica-visina-pobeda-compani.jpg\" width=\"73\" height=\"65\"><strong class=\"title-product\">HEIGHT (m)<\/strong><br \/>\n<span class=\"text-product\">2.40<\/span><\/div>\n","protected":false},"featured_media":12868,"comment_status":"closed","ping_status":"closed","template":"","meta":{"ngg_post_thumbnail":0},"product_brand":[],"product_cat":[85],"product_tag":[],"class_list":{"0":"post-5539","1":"product","2":"type-product","3":"status-publish","4":"has-post-thumbnail","6":"product_cat-garden-program","8":"first","9":"instock","10":"shipping-taxable","11":"product-type-variable"},"yoast_head":"<!-- This site is optimized with the Yoast SEO plugin v26.6 - https:\/\/yoast.com\/wordpress\/plugins\/seo\/ -->\n<title>Flowerpot VENECIJA \u00d8450 with Shim || Ba\u0161tenski program<\/title>\n<meta name=\"description\" content=\"Flowerpot VENECIJA \u00d8450 with Shim - Explore our range of high-quality plastic products crafted to meet the highest European standards, ensuring reliability and sustainability.\" \/>\n<meta name=\"robots\" content=\"index, follow, max-snippet:-1, max-image-preview:large, max-video-preview:-1\" \/>\n<link rel=\"canonical\" href=\"https:\/\/pobedacompani.rs\/en\/product\/flowerpot-venecija-o450-with-shim\/\" \/>\n<meta property=\"og:locale\" content=\"en_US\" \/>\n<meta property=\"og:type\" content=\"article\" \/>\n<meta property=\"og:title\" content=\"Flowerpot VENECIJA \u00d8450 with Shim || Ba\u0161tenski program\" \/>\n<meta property=\"og:description\" content=\"Flowerpot VENECIJA \u00d8450 with Shim - Explore our range of high-quality plastic products crafted to meet the highest European standards, ensuring reliability and sustainability.\" \/>\n<meta property=\"og:url\" content=\"https:\/\/pobedacompani.rs\/en\/product\/flowerpot-venecija-o450-with-shim\/\" \/>\n<meta property=\"og:site_name\" content=\"Pobeda Compani\" \/>\n<meta property=\"article:publisher\" content=\"https:\/\/www.facebook.com\/PobedaCompani\" \/>\n<meta property=\"article:modified_time\" content=\"2025-03-27T11:43:19+00:00\" \/>\n<meta property=\"og:image\" content=\"https:\/\/pobedacompani.rs\/en\/wp-content\/uploads\/2022\/09\/saksija-venecija-fi450-1.png\" \/>\n\t<meta property=\"og:image:width\" content=\"1000\" \/>\n\t<meta property=\"og:image:height\" content=\"868\" \/>\n\t<meta property=\"og:image:type\" content=\"image\/png\" \/>\n<meta name=\"twitter:card\" content=\"summary_large_image\" \/>\n<meta name=\"twitter:label1\" content=\"Est. reading time\" \/>\n\t<meta name=\"twitter:data1\" content=\"1 minute\" \/>\n<script type=\"application\/ld+json\" class=\"yoast-schema-graph\">{\"@context\":\"https:\/\/schema.org\",\"@graph\":[{\"@type\":\"WebPage\",\"@id\":\"https:\/\/pobedacompani.rs\/en\/product\/flowerpot-venecija-o450-with-shim\/\",\"url\":\"https:\/\/pobedacompani.rs\/en\/product\/flowerpot-venecija-o450-with-shim\/\",\"name\":\"Flowerpot VENECIJA \u00d8450 with Shim || Ba\u0161tenski program\",\"isPartOf\":{\"@id\":\"https:\/\/pobedacompani.rs\/en\/#website\"},\"primaryImageOfPage\":{\"@id\":\"https:\/\/pobedacompani.rs\/en\/product\/flowerpot-venecija-o450-with-shim\/#primaryimage\"},\"image\":{\"@id\":\"https:\/\/pobedacompani.rs\/en\/product\/flowerpot-venecija-o450-with-shim\/#primaryimage\"},\"thumbnailUrl\":\"https:\/\/pobedacompani.rs\/en\/wp-content\/uploads\/2022\/09\/saksija-venecija-fi450-1.png\",\"datePublished\":\"2022-09-26T12:43:07+00:00\",\"dateModified\":\"2025-03-27T11:43:19+00:00\",\"description\":\"Flowerpot VENECIJA \u00d8450 with Shim - Explore our range of high-quality plastic products crafted to meet the highest European standards, ensuring reliability and sustainability.\",\"breadcrumb\":{\"@id\":\"https:\/\/pobedacompani.rs\/en\/product\/flowerpot-venecija-o450-with-shim\/#breadcrumb\"},\"inLanguage\":\"en-US\",\"potentialAction\":[{\"@type\":\"ReadAction\",\"target\":[\"https:\/\/pobedacompani.rs\/en\/product\/flowerpot-venecija-o450-with-shim\/\"]}]},{\"@type\":\"ImageObject\",\"inLanguage\":\"en-US\",\"@id\":\"https:\/\/pobedacompani.rs\/en\/product\/flowerpot-venecija-o450-with-shim\/#primaryimage\",\"url\":\"https:\/\/pobedacompani.rs\/en\/wp-content\/uploads\/2022\/09\/saksija-venecija-fi450-1.png\",\"contentUrl\":\"https:\/\/pobedacompani.rs\/en\/wp-content\/uploads\/2022\/09\/saksija-venecija-fi450-1.png\",\"width\":1000,\"height\":868},{\"@type\":\"BreadcrumbList\",\"@id\":\"https:\/\/pobedacompani.rs\/en\/product\/flowerpot-venecija-o450-with-shim\/#breadcrumb\",\"itemListElement\":[{\"@type\":\"ListItem\",\"position\":1,\"name\":\"\u041f\u043e\u0447\u0435\u0442\u043d\u0430\",\"item\":\"https:\/\/pobedacompani.rs\/en\/\"},{\"@type\":\"ListItem\",\"position\":2,\"name\":\"All products\",\"item\":\"https:\/\/pobedacompani.rs\/en\/shop\/\"},{\"@type\":\"ListItem\",\"position\":3,\"name\":\"Flowerpot VENECIJA \u00d8450 with Shim\"}]},{\"@type\":\"WebSite\",\"@id\":\"https:\/\/pobedacompani.rs\/en\/#website\",\"url\":\"https:\/\/pobedacompani.rs\/en\/\",\"name\":\"Pobeda Compani\",\"description\":\"Production and wholesale of plastic products\",\"publisher\":{\"@id\":\"https:\/\/pobedacompani.rs\/en\/#organization\"},\"potentialAction\":[{\"@type\":\"SearchAction\",\"target\":{\"@type\":\"EntryPoint\",\"urlTemplate\":\"https:\/\/pobedacompani.rs\/en\/?s={search_term_string}\"},\"query-input\":{\"@type\":\"PropertyValueSpecification\",\"valueRequired\":true,\"valueName\":\"search_term_string\"}}],\"inLanguage\":\"en-US\"},{\"@type\":\"Organization\",\"@id\":\"https:\/\/pobedacompani.rs\/en\/#organization\",\"name\":\"Pobeda Compani\",\"url\":\"https:\/\/pobedacompani.rs\/en\/\",\"logo\":{\"@type\":\"ImageObject\",\"inLanguage\":\"en-US\",\"@id\":\"https:\/\/pobedacompani.rs\/en\/#\/schema\/logo\/image\/\",\"url\":\"https:\/\/pobedacompani.rs\/en\/wp-content\/uploads\/2023\/07\/logo-pobeda-compani.png\",\"contentUrl\":\"https:\/\/pobedacompani.rs\/en\/wp-content\/uploads\/2023\/07\/logo-pobeda-compani.png\",\"width\":269,\"height\":141,\"caption\":\"Pobeda Compani\"},\"image\":{\"@id\":\"https:\/\/pobedacompani.rs\/en\/#\/schema\/logo\/image\/\"},\"sameAs\":[\"https:\/\/www.facebook.com\/PobedaCompani\",\"https:\/\/www.instagram.com\/pobedacompani\/\"]}]}<\/script>\n<!-- \/ Yoast SEO plugin. -->","yoast_head_json":{"title":"Flowerpot VENECIJA \u00d8450 with Shim || Ba\u0161tenski program","description":"Flowerpot VENECIJA \u00d8450 with Shim - Explore our range of high-quality plastic products crafted to meet the highest European standards, ensuring reliability and sustainability.","robots":{"index":"index","follow":"follow","max-snippet":"max-snippet:-1","max-image-preview":"max-image-preview:large","max-video-preview":"max-video-preview:-1"},"canonical":"https:\/\/pobedacompani.rs\/en\/product\/flowerpot-venecija-o450-with-shim\/","og_locale":"en_US","og_type":"article","og_title":"Flowerpot VENECIJA \u00d8450 with Shim || Ba\u0161tenski program","og_description":"Flowerpot VENECIJA \u00d8450 with Shim - Explore our range of high-quality plastic products crafted to meet the highest European standards, ensuring reliability and sustainability.","og_url":"https:\/\/pobedacompani.rs\/en\/product\/flowerpot-venecija-o450-with-shim\/","og_site_name":"Pobeda Compani","article_publisher":"https:\/\/www.facebook.com\/PobedaCompani","article_modified_time":"2025-03-27T11:43:19+00:00","og_image":[{"width":1000,"height":868,"url":"https:\/\/pobedacompani.rs\/en\/wp-content\/uploads\/2022\/09\/saksija-venecija-fi450-1.png","type":"image\/png"}],"twitter_card":"summary_large_image","twitter_misc":{"Est. reading time":"1 minute"},"schema":{"@context":"https:\/\/schema.org","@graph":[{"@type":"WebPage","@id":"https:\/\/pobedacompani.rs\/en\/product\/flowerpot-venecija-o450-with-shim\/","url":"https:\/\/pobedacompani.rs\/en\/product\/flowerpot-venecija-o450-with-shim\/","name":"Flowerpot VENECIJA \u00d8450 with Shim || Ba\u0161tenski program","isPartOf":{"@id":"https:\/\/pobedacompani.rs\/en\/#website"},"primaryImageOfPage":{"@id":"https:\/\/pobedacompani.rs\/en\/product\/flowerpot-venecija-o450-with-shim\/#primaryimage"},"image":{"@id":"https:\/\/pobedacompani.rs\/en\/product\/flowerpot-venecija-o450-with-shim\/#primaryimage"},"thumbnailUrl":"https:\/\/pobedacompani.rs\/en\/wp-content\/uploads\/2022\/09\/saksija-venecija-fi450-1.png","datePublished":"2022-09-26T12:43:07+00:00","dateModified":"2025-03-27T11:43:19+00:00","description":"Flowerpot VENECIJA \u00d8450 with Shim - Explore our range of high-quality plastic products crafted to meet the highest European standards, ensuring reliability and sustainability.","breadcrumb":{"@id":"https:\/\/pobedacompani.rs\/en\/product\/flowerpot-venecija-o450-with-shim\/#breadcrumb"},"inLanguage":"en-US","potentialAction":[{"@type":"ReadAction","target":["https:\/\/pobedacompani.rs\/en\/product\/flowerpot-venecija-o450-with-shim\/"]}]},{"@type":"ImageObject","inLanguage":"en-US","@id":"https:\/\/pobedacompani.rs\/en\/product\/flowerpot-venecija-o450-with-shim\/#primaryimage","url":"https:\/\/pobedacompani.rs\/en\/wp-content\/uploads\/2022\/09\/saksija-venecija-fi450-1.png","contentUrl":"https:\/\/pobedacompani.rs\/en\/wp-content\/uploads\/2022\/09\/saksija-venecija-fi450-1.png","width":1000,"height":868},{"@type":"BreadcrumbList","@id":"https:\/\/pobedacompani.rs\/en\/product\/flowerpot-venecija-o450-with-shim\/#breadcrumb","itemListElement":[{"@type":"ListItem","position":1,"name":"\u041f\u043e\u0447\u0435\u0442\u043d\u0430","item":"https:\/\/pobedacompani.rs\/en\/"},{"@type":"ListItem","position":2,"name":"All products","item":"https:\/\/pobedacompani.rs\/en\/shop\/"},{"@type":"ListItem","position":3,"name":"Flowerpot VENECIJA \u00d8450 with Shim"}]},{"@type":"WebSite","@id":"https:\/\/pobedacompani.rs\/en\/#website","url":"https:\/\/pobedacompani.rs\/en\/","name":"Pobeda Compani","description":"Production and wholesale of plastic products","publisher":{"@id":"https:\/\/pobedacompani.rs\/en\/#organization"},"potentialAction":[{"@type":"SearchAction","target":{"@type":"EntryPoint","urlTemplate":"https:\/\/pobedacompani.rs\/en\/?s={search_term_string}"},"query-input":{"@type":"PropertyValueSpecification","valueRequired":true,"valueName":"search_term_string"}}],"inLanguage":"en-US"},{"@type":"Organization","@id":"https:\/\/pobedacompani.rs\/en\/#organization","name":"Pobeda Compani","url":"https:\/\/pobedacompani.rs\/en\/","logo":{"@type":"ImageObject","inLanguage":"en-US","@id":"https:\/\/pobedacompani.rs\/en\/#\/schema\/logo\/image\/","url":"https:\/\/pobedacompani.rs\/en\/wp-content\/uploads\/2023\/07\/logo-pobeda-compani.png","contentUrl":"https:\/\/pobedacompani.rs\/en\/wp-content\/uploads\/2023\/07\/logo-pobeda-compani.png","width":269,"height":141,"caption":"Pobeda Compani"},"image":{"@id":"https:\/\/pobedacompani.rs\/en\/#\/schema\/logo\/image\/"},"sameAs":["https:\/\/www.facebook.com\/PobedaCompani","https:\/\/www.instagram.com\/pobedacompani\/"]}]}},"_links":{"self":[{"href":"https:\/\/pobedacompani.rs\/en\/wp-json\/wp\/v2\/product\/5539","targetHints":{"allow":["GET"]}}],"collection":[{"href":"https:\/\/pobedacompani.rs\/en\/wp-json\/wp\/v2\/product"}],"about":[{"href":"https:\/\/pobedacompani.rs\/en\/wp-json\/wp\/v2\/types\/product"}],"replies":[{"embeddable":true,"href":"https:\/\/pobedacompani.rs\/en\/wp-json\/wp\/v2\/comments?post=5539"}],"wp:featuredmedia":[{"embeddable":true,"href":"https:\/\/pobedacompani.rs\/en\/wp-json\/wp\/v2\/media\/12868"}],"wp:attachment":[{"href":"https:\/\/pobedacompani.rs\/en\/wp-json\/wp\/v2\/media?parent=5539"}],"wp:term":[{"taxonomy":"product_brand","embeddable":true,"href":"https:\/\/pobedacompani.rs\/en\/wp-json\/wp\/v2\/product_brand?post=5539"},{"taxonomy":"product_cat","embeddable":true,"href":"https:\/\/pobedacompani.rs\/en\/wp-json\/wp\/v2\/product_cat?post=5539"},{"taxonomy":"product_tag","embeddable":true,"href":"https:\/\/pobedacompani.rs\/en\/wp-json\/wp\/v2\/product_tag?post=5539"}],"curies":[{"name":"wp","href":"https:\/\/api.w.org\/{rel}","templated":true}]}}